{"id":491,"date":"2012-10-10T18:33:20","date_gmt":"2012-10-10T17:33:20","guid":{"rendered":"http:\/\/ergotherapiemallorca.com\/terapia-ocupacional\/"},"modified":"2012-10-10T18:33:20","modified_gmt":"2012-10-10T17:33:20","slug":"terapia-ocupacional","status":"publish","type":"page","link":"http:\/\/ergotherapiemallorca.com\/es\/terapia-ocupacional\/","title":{"rendered":"Terapia ocupacional"},"content":{"rendered":"<p align=\"center\"><span style=\"color: #993300;\"><em><a href=\"http:\/\/ergotherapiemallorca.com\/wp-content\/uploads\/2012\/10\/orthopadie11.jpg\"><img loading=\"lazy\" class=\"alignright size-full wp-image-12\" title=\"orthopadie1[1]\" src=\"http:\/\/ergotherapiemallorca.com\/wp-content\/uploads\/2012\/10\/orthopadie11.jpg\" alt=\"\" width=\"200\" height=\"267\" \/><\/a><\/em><\/span><span style=\"color: #800000;\"><em>Movilidad-autonom\u00eda-fuerza-equilibrio-bienestar&#8230;libertad!!<\/em><\/span><\/p>\n<p style=\"text-align: left;\" align=\"center\"><span style=\"color: #000000;\">La terapia ocupacional est\u00e1 dirigida a personas de cualquier edad que est\u00e1n restringidas en alguna de estas \u00e1reas por enfermedad o accidente.<\/span><\/p>\n<p><span style=\"color: #000000;\">Como terapeuta ocupacional\u00a0 quiero y puedo apoyar a las personas afectadas en conseguir de nuevo \u00a0su bienestar, independencia y libertad por medio de tratamientos individualizados.<\/span><\/p>\n<p style=\"text-align: center;\"><span style=\"color: #800000;\"><em>Rehabilitaci\u00f3n \u2013 estimulaci\u00f3n de la movilidad y sensibilidad &#8211; estimulaci\u00f3n de la percepci\u00f3n corporal \u2013 ejercicios de entrenamiento cerebral<\/em><\/span><\/p>\n<p style=\"text-align: left;\"><span style=\"color: #000000;\">Son medidas de la terapia ocupacional y son aplicadas principalmente en la neurolog\u00eda, la ortopedia, la pediatr\u00eda, la psiquiatr\u00eda y la geriatr\u00eda.<\/span><\/p>\n","protected":false},"excerpt":{"rendered":"<p>Movilidad-autonom\u00eda-fuerza-equilibrio-bienestar&#8230;libertad!! La terapia ocupacional est\u00e1 dirigida a personas de cualquier edad que est\u00e1n restringidas en alguna de estas \u00e1reas por enfermedad o accidente. Como terapeuta ocupacional\u00a0 quiero y puedo apoyar a las personas afectadas en conseguir de nuevo \u00a0su bienestar, &hellip; <a href=\"http:\/\/ergotherapiemallorca.com\/es\/terapia-ocupacional\/\">Sigue leyendo <span class=\"meta-nav\">&rarr;<\/span><\/a><\/p>\n","protected":false},"author":2,"featured_media":0,"parent":0,"menu_order":0,"comment_status":"closed","ping_status":"closed","template":"onecolumn-page.php","meta":[],"_links":{"self":[{"href":"http:\/\/ergotherapiemallorca.com\/es\/wp-json\/wp\/v2\/pages\/491"}],"collection":[{"href":"http:\/\/ergotherapiemallorca.com\/es\/wp-json\/wp\/v2\/pages"}],"about":[{"href":"http:\/\/ergotherapiemallorca.com\/es\/wp-json\/wp\/v2\/types\/page"}],"author":[{"embeddable":true,"href":"http:\/\/ergotherapiemallorca.com\/es\/wp-json\/wp\/v2\/users\/2"}],"replies":[{"embeddable":true,"href":"http:\/\/ergotherapiemallorca.com\/es\/wp-json\/wp\/v2\/comments?post=491"}],"version-history":[{"count":0,"href":"http:\/\/ergotherapiemallorca.com\/es\/wp-json\/wp\/v2\/pages\/491\/revisions"}],"wp:attachment":[{"href":"http:\/\/ergotherapiemallorca.com\/es\/wp-json\/wp\/v2\/media?parent=491"}],"curies":[{"name":"wp","href":"https:\/\/api.w.org\/{rel}","templated":true}]}}