{"id":494,"date":"2012-10-10T22:15:31","date_gmt":"2012-10-10T21:15:31","guid":{"rendered":"http:\/\/ergotherapiemallorca.com\/cursos\/"},"modified":"2012-10-10T22:15:31","modified_gmt":"2012-10-10T21:15:31","slug":"cursos","status":"publish","type":"page","link":"http:\/\/ergotherapiemallorca.com\/es\/cursos\/","title":{"rendered":"Cursos"},"content":{"rendered":"<ul>\n<li><span style=\"color: #000000;\">\u00abMarburger Konzentrationstraining\u00bb(m\u00e9todo para mejorar la capacidad de concentraci\u00f3n de los ni\u00f1os)\u00a0\u00a0<\/span><\/li>\n<li><span style=\"color: #000000;\">cursos de habilidades de motricidad fina para ni\u00f1os<\/span><\/li>\n<li><span style=\"color: #000000;\">entrenamiento de\u00a0la memoria\u00a0para personas mayores<\/span><\/li>\n<li><span style=\"color: #000000;\">cursos para madres con sus b\u00e9bes (<em>m\u00e9todo PEKIP<\/em>)<\/span><\/li>\n<\/ul>\n<p><em><img loading=\"lazy\" class=\"wp-image-104 aligncenter\" title=\"OLYMPUS DIGITAL CAMERA\" src=\"http:\/\/ergotherapiemallorca.com\/wp-content\/uploads\/2012\/10\/PA010016-150x150.jpg\" alt=\"\" width=\"245\" height=\"162\" \/><\/em><\/p>\n","protected":false},"excerpt":{"rendered":"<p>\u00abMarburger Konzentrationstraining\u00bb(m\u00e9todo para mejorar la capacidad de concentraci\u00f3n de los ni\u00f1os)\u00a0\u00a0 cursos de habilidades de motricidad fina para ni\u00f1os entrenamiento de\u00a0la memoria\u00a0para personas mayores cursos para madres con sus b\u00e9bes (m\u00e9todo PEKIP)<\/p>\n","protected":false},"author":2,"featured_media":0,"parent":0,"menu_order":0,"comment_status":"closed","ping_status":"closed","template":"onecolumn-page.php","meta":[],"_links":{"self":[{"href":"http:\/\/ergotherapiemallorca.com\/es\/wp-json\/wp\/v2\/pages\/494"}],"collection":[{"href":"http:\/\/ergotherapiemallorca.com\/es\/wp-json\/wp\/v2\/pages"}],"about":[{"href":"http:\/\/ergotherapiemallorca.com\/es\/wp-json\/wp\/v2\/types\/page"}],"author":[{"embeddable":true,"href":"http:\/\/ergotherapiemallorca.com\/es\/wp-json\/wp\/v2\/users\/2"}],"replies":[{"embeddable":true,"href":"http:\/\/ergotherapiemallorca.com\/es\/wp-json\/wp\/v2\/comments?post=494"}],"version-history":[{"count":0,"href":"http:\/\/ergotherapiemallorca.com\/es\/wp-json\/wp\/v2\/pages\/494\/revisions"}],"wp:attachment":[{"href":"http:\/\/ergotherapiemallorca.com\/es\/wp-json\/wp\/v2\/media?parent=494"}],"curies":[{"name":"wp","href":"https:\/\/api.w.org\/{rel}","templated":true}]}}