{"id":497,"date":"2012-10-10T22:15:50","date_gmt":"2012-10-10T21:15:50","guid":{"rendered":"http:\/\/ergotherapiemallorca.com\/mi-oferta\/"},"modified":"2012-10-10T22:15:50","modified_gmt":"2012-10-10T21:15:50","slug":"mi-oferta","status":"publish","type":"page","link":"http:\/\/ergotherapiemallorca.com\/es\/mi-oferta\/","title":{"rendered":"Mi oferta"},"content":{"rendered":"<p style=\"text-align: center;\" align=\"center\"><em><em><span style=\"color: #800000;\">Visitas a domicilio-visitas al colegio-vacaciones y terapia<\/span><\/em><\/em><\/p>\n<p>Durante mi formaci\u00f3n en Alemania he conocido todas las \u00e1reas de aplicaci\u00f3n \u00a0de la terapia ocupacional centr\u00e1ndome posteriormente en las \u00e1reas de <strong><em>neurolog\u00eda<\/em><\/strong>, <em><strong>traumatolog\u00eda<\/strong><\/em> y <em><strong>pediatr\u00eda<\/strong><\/em>.<\/p>\n<p>Aqu\u00ed en\u00a0Mallorca tambi\u00e9n\u00a0trabajo principalmente\u00a0en estas \u00e1reas.<\/p>\n<p>Peri\u00f3dicamente ofrezco cursos muy interesantes, entre otros un m\u00e9todo novedoso para mejorar la capacidad de concentraci\u00f3n de los ni\u00f1os llamado \u00ab<strong><em>Das Marburger Konzentrationstraining<\/em><\/strong>\u00ab, m\u00e9todo que tiene gran aceptaci\u00f3n en Alemania.<\/p>\n<p>Me desplazo a su domicilio o a otro lugar a convenir. Incluso si est\u00e1n de vacaciones en Mallorca y tienen necesidades terap\u00e9uticas, puedo desplazarme a su hotel o lugar de estancia!<img loading=\"lazy\" class=\"aligncenter  wp-image-239\" title=\"OLYMPUS DIGITAL CAMERA\" src=\"http:\/\/ergotherapiemallorca.com\/wp-content\/uploads\/2012\/10\/PB080089-300x225.jpg\" alt=\"\" width=\"430\" height=\"225\" \/><\/p>\n","protected":false},"excerpt":{"rendered":"<p>Visitas a domicilio-visitas al colegio-vacaciones y terapia Durante mi formaci\u00f3n en Alemania he conocido todas las \u00e1reas de aplicaci\u00f3n \u00a0de la terapia ocupacional centr\u00e1ndome posteriormente en las \u00e1reas de neurolog\u00eda, traumatolog\u00eda y pediatr\u00eda. Aqu\u00ed en\u00a0Mallorca tambi\u00e9n\u00a0trabajo principalmente\u00a0en estas \u00e1reas. Peri\u00f3dicamente &hellip; <a href=\"http:\/\/ergotherapiemallorca.com\/es\/mi-oferta\/\">Sigue leyendo <span class=\"meta-nav\">&rarr;<\/span><\/a><\/p>\n","protected":false},"author":2,"featured_media":0,"parent":0,"menu_order":0,"comment_status":"closed","ping_status":"closed","template":"onecolumn-page.php","meta":[],"_links":{"self":[{"href":"http:\/\/ergotherapiemallorca.com\/es\/wp-json\/wp\/v2\/pages\/497"}],"collection":[{"href":"http:\/\/ergotherapiemallorca.com\/es\/wp-json\/wp\/v2\/pages"}],"about":[{"href":"http:\/\/ergotherapiemallorca.com\/es\/wp-json\/wp\/v2\/types\/page"}],"author":[{"embeddable":true,"href":"http:\/\/ergotherapiemallorca.com\/es\/wp-json\/wp\/v2\/users\/2"}],"replies":[{"embeddable":true,"href":"http:\/\/ergotherapiemallorca.com\/es\/wp-json\/wp\/v2\/comments?post=497"}],"version-history":[{"count":0,"href":"http:\/\/ergotherapiemallorca.com\/es\/wp-json\/wp\/v2\/pages\/497\/revisions"}],"wp:attachment":[{"href":"http:\/\/ergotherapiemallorca.com\/es\/wp-json\/wp\/v2\/media?parent=497"}],"curies":[{"name":"wp","href":"https:\/\/api.w.org\/{rel}","templated":true}]}}