{"id":506,"date":"2012-11-06T16:24:18","date_gmt":"2012-11-06T15:24:18","guid":{"rendered":"http:\/\/ergotherapiemallorca.com\/marburger-konzentrationstraining-mkt\/"},"modified":"2012-11-06T16:24:18","modified_gmt":"2012-11-06T15:24:18","slug":"marburger-konzentrationstraining-mkt","status":"publish","type":"page","link":"http:\/\/ergotherapiemallorca.com\/es\/marburger-konzentrationstraining-mkt\/","title":{"rendered":"Marburger Konzentrationstraining (MKT)"},"content":{"rendered":"<p>El <strong><em>MKT<\/em><\/strong> es un m\u00e9todo novedoso para mejorar la capacidad de concentraci\u00f3n. Est\u00e1 dirigido a ni\u00f1os que se distraen con facilidad y que tienen muchos problemas con las tareas. La mayor\u00eda de estos ni\u00f1os tienen dificultades a la hora de enfocar su atenci\u00f3n en una cosa concreta, de concentrarse y de trabajar de una forma estructurada<strong><em><\/em><\/strong>.<\/p>\n<p>Con este m\u00e9todo los ni\u00f1os aprenden c\u00f3mo controlar su atenci\u00f3n y como trabajar de forma concentrada.<\/p>\n","protected":false},"excerpt":{"rendered":"<p>El MKT es un m\u00e9todo novedoso para mejorar la capacidad de concentraci\u00f3n. Est\u00e1 dirigido a ni\u00f1os que se distraen con facilidad y que tienen muchos problemas con las tareas. La mayor\u00eda de estos ni\u00f1os tienen dificultades a la hora de &hellip; <a href=\"http:\/\/ergotherapiemallorca.com\/es\/marburger-konzentrationstraining-mkt\/\">Sigue leyendo <span class=\"meta-nav\">&rarr;<\/span><\/a><\/p>\n","protected":false},"author":2,"featured_media":0,"parent":0,"menu_order":0,"comment_status":"closed","ping_status":"closed","template":"onecolumn-page.php","meta":[],"_links":{"self":[{"href":"http:\/\/ergotherapiemallorca.com\/es\/wp-json\/wp\/v2\/pages\/506"}],"collection":[{"href":"http:\/\/ergotherapiemallorca.com\/es\/wp-json\/wp\/v2\/pages"}],"about":[{"href":"http:\/\/ergotherapiemallorca.com\/es\/wp-json\/wp\/v2\/types\/page"}],"author":[{"embeddable":true,"href":"http:\/\/ergotherapiemallorca.com\/es\/wp-json\/wp\/v2\/users\/2"}],"replies":[{"embeddable":true,"href":"http:\/\/ergotherapiemallorca.com\/es\/wp-json\/wp\/v2\/comments?post=506"}],"version-history":[{"count":0,"href":"http:\/\/ergotherapiemallorca.com\/es\/wp-json\/wp\/v2\/pages\/506\/revisions"}],"wp:attachment":[{"href":"http:\/\/ergotherapiemallorca.com\/es\/wp-json\/wp\/v2\/media?parent=506"}],"curies":[{"name":"wp","href":"https:\/\/api.w.org\/{rel}","templated":true}]}}