{"id":509,"date":"2012-11-07T13:05:47","date_gmt":"2012-11-07T12:05:47","guid":{"rendered":"http:\/\/ergotherapiemallorca.com\/quien-recibe-terapia-ocupacional\/"},"modified":"2012-11-07T13:05:47","modified_gmt":"2012-11-07T12:05:47","slug":"quien-recibe-terapia-ocupacional","status":"publish","type":"page","link":"http:\/\/ergotherapiemallorca.com\/es\/quien-recibe-terapia-ocupacional\/","title":{"rendered":"\u00bfQuien recibe terapia ocupacional?"},"content":{"rendered":"<p><em><span style=\"color: #800000;\"><a href=\"http:\/\/ergotherapiemallorca.com\/wp-content\/uploads\/2012\/11\/PB080085.jpg\"><img loading=\"lazy\" class=\"alignright  wp-image-223\" title=\"OLYMPUS DIGITAL CAMERA\" src=\"http:\/\/ergotherapiemallorca.com\/wp-content\/uploads\/2012\/11\/PB080085-300x225.jpg\" alt=\"\" width=\"278\" height=\"214\" \/><\/a><\/span><span style=\"color: #800000;\">Mi trabajo se dirige a adultos y ni\u00f1os con problemas de<\/span><\/em><\/p>\n<ul>\n<li><span style=\"color: #000000;\">desarrollo y percepci\u00f3n<\/span><\/li>\n<li><span style=\"color: #000000;\">concentraci\u00f3n y atenci\u00f3<\/span><\/li>\n<li><span style=\"color: #000000;\">rendimiento cerebral<\/span><\/li>\n<li><span style=\"color: #000000;\">resistencia <\/span><\/li>\n<li><span style=\"color: #000000;\">motricidad gruesa y fina<\/span><\/li>\n<li><span style=\"color: #000000;\">coordinaci\u00f3n<\/span><\/li>\n<li><span style=\"color: #000000;\">movimiento<\/span><\/li>\n<li><span style=\"color: #000000;\">tonificaci\u00f3n muscular<\/span><\/li>\n<li><span style=\"color: #000000;\">sensibilidad<\/span><\/li>\n<li><span style=\"color: #000000;\">habilidades mentales y\u00a0emocionales<\/span><\/li>\n<li><span style=\"color: #000000;\">integraci\u00f3n sensorial<\/span><\/li>\n<\/ul>\n","protected":false},"excerpt":{"rendered":"<p>Mi trabajo se dirige a adultos y ni\u00f1os con problemas de desarrollo y percepci\u00f3n concentraci\u00f3n y atenci\u00f3 rendimiento cerebral resistencia motricidad gruesa y fina coordinaci\u00f3n movimiento tonificaci\u00f3n muscular sensibilidad habilidades mentales y\u00a0emocionales integraci\u00f3n sensorial<\/p>\n","protected":false},"author":2,"featured_media":0,"parent":0,"menu_order":0,"comment_status":"closed","ping_status":"closed","template":"onecolumn-page.php","meta":[],"_links":{"self":[{"href":"http:\/\/ergotherapiemallorca.com\/es\/wp-json\/wp\/v2\/pages\/509"}],"collection":[{"href":"http:\/\/ergotherapiemallorca.com\/es\/wp-json\/wp\/v2\/pages"}],"about":[{"href":"http:\/\/ergotherapiemallorca.com\/es\/wp-json\/wp\/v2\/types\/page"}],"author":[{"embeddable":true,"href":"http:\/\/ergotherapiemallorca.com\/es\/wp-json\/wp\/v2\/users\/2"}],"replies":[{"embeddable":true,"href":"http:\/\/ergotherapiemallorca.com\/es\/wp-json\/wp\/v2\/comments?post=509"}],"version-history":[{"count":0,"href":"http:\/\/ergotherapiemallorca.com\/es\/wp-json\/wp\/v2\/pages\/509\/revisions"}],"wp:attachment":[{"href":"http:\/\/ergotherapiemallorca.com\/es\/wp-json\/wp\/v2\/media?parent=509"}],"curies":[{"name":"wp","href":"https:\/\/api.w.org\/{rel}","templated":true}]}}