{"id":512,"date":"2012-11-07T13:09:08","date_gmt":"2012-11-07T12:09:08","guid":{"rendered":"http:\/\/ergotherapiemallorca.com\/aplicaciones\/"},"modified":"2012-11-07T13:09:08","modified_gmt":"2012-11-07T12:09:08","slug":"aplicaciones","status":"publish","type":"page","link":"http:\/\/ergotherapiemallorca.com\/es\/aplicaciones\/","title":{"rendered":"Aplicaci\u00f3nes"},"content":{"rendered":"<p><span style=\"color: #800000;\"><em><a href=\"http:\/\/ergotherapiemallorca.com\/wp-content\/uploads\/2012\/10\/PA010011.jpg\"><img loading=\"lazy\" class=\"alignright  wp-image-93\" title=\"OLYMPUS DIGITAL CAMERA\" src=\"http:\/\/ergotherapiemallorca.com\/wp-content\/uploads\/2012\/10\/PA010011-300x225.jpg\" alt=\"\" width=\"218\" height=\"210\" \/><\/a>La terapia ocupacional se aplica a personas con,<\/em><\/span><\/p>\n<ul>\n<li><span style=\"color: #000000;\">par\u00e1lisis perif\u00e9rica<\/span><\/li>\n<li><span style=\"color: #000000;\">enfermedades degenerativas<\/span><\/li>\n<li><span style=\"color: #000000;\">apoplej\u00eda<\/span><\/li>\n<li><span style=\"color: #000000;\">trauma craneoencef\u00e1lico<\/span><\/li>\n<li><span style=\"color: #000000;\">limitaciones del sistema m\u00fasculo-esquel\u00e9tico<\/span><\/li>\n<li><span style=\"color: #000000;\">paraplejia<\/span><\/li>\n<li><span style=\"color: #000000;\">esclerosis m\u00faltiple<\/span><\/li>\n<li><span style=\"color: #000000;\">enfermedad de Parkinson<\/span><\/li>\n<li><span style=\"color: #000000;\">demencia<\/span><\/li>\n<li><span style=\"color: #000000;\">trastorno por d\u00e9ficit de atenci\u00f3n con hiperactividad (ADHD)<\/span><\/li>\n<\/ul>\n","protected":false},"excerpt":{"rendered":"<p>La terapia ocupacional se aplica a personas con, par\u00e1lisis perif\u00e9rica enfermedades degenerativas apoplej\u00eda trauma craneoencef\u00e1lico limitaciones del sistema m\u00fasculo-esquel\u00e9tico paraplejia esclerosis m\u00faltiple enfermedad de Parkinson demencia trastorno por d\u00e9ficit de atenci\u00f3n con hiperactividad (ADHD)<\/p>\n","protected":false},"author":2,"featured_media":0,"parent":0,"menu_order":0,"comment_status":"closed","ping_status":"closed","template":"onecolumn-page.php","meta":[],"_links":{"self":[{"href":"http:\/\/ergotherapiemallorca.com\/es\/wp-json\/wp\/v2\/pages\/512"}],"collection":[{"href":"http:\/\/ergotherapiemallorca.com\/es\/wp-json\/wp\/v2\/pages"}],"about":[{"href":"http:\/\/ergotherapiemallorca.com\/es\/wp-json\/wp\/v2\/types\/page"}],"author":[{"embeddable":true,"href":"http:\/\/ergotherapiemallorca.com\/es\/wp-json\/wp\/v2\/users\/2"}],"replies":[{"embeddable":true,"href":"http:\/\/ergotherapiemallorca.com\/es\/wp-json\/wp\/v2\/comments?post=512"}],"version-history":[{"count":0,"href":"http:\/\/ergotherapiemallorca.com\/es\/wp-json\/wp\/v2\/pages\/512\/revisions"}],"wp:attachment":[{"href":"http:\/\/ergotherapiemallorca.com\/es\/wp-json\/wp\/v2\/media?parent=512"}],"curies":[{"name":"wp","href":"https:\/\/api.w.org\/{rel}","templated":true}]}}