{"id":515,"date":"2012-11-07T17:24:24","date_gmt":"2012-11-07T16:24:24","guid":{"rendered":"http:\/\/ergotherapiemallorca.com\/terapia-ocupacional-con-ninos\/"},"modified":"2012-11-07T17:24:24","modified_gmt":"2012-11-07T16:24:24","slug":"terapia-ocupacional-con-ninos","status":"publish","type":"page","link":"http:\/\/ergotherapiemallorca.com\/es\/terapia-ocupacional-con-ninos\/","title":{"rendered":"Terapia ocupacional con ni\u00f1os"},"content":{"rendered":"<p><span style=\"color: #800000;\"><em>La terapia ocupacional\u00a0est\u00e1 dirigida a ni\u00f1os<\/em><\/span><\/p>\n<p><span style=\"color: #000000;\">\u2026 con disfunciones de la movilidad, de la percepci\u00f3n y la actitud (como por ejemplo ni\u00f1os con ADHD) o a ni\u00f1os, que padecen retrasos en su desarrollo f\u00edsico y mental lo cual deriva en \u00a0problemas\u00a0en sus vidas cotidianas.<\/span><\/p>\n<h4><em><em>La terapia se realiza mediante ejercicios apropiados para ni\u00f1os, generalmente con juegos integrados en situaciones cotidianas<\/em>. <em>El \u00a0objetivo principal \u00a0es conseguir la mayor autonom\u00eda posible de los ni\u00f1os<\/em><\/em><em>. <\/em><em><\/em><\/h4>\n<h4><\/h4>\n<h4 style=\"text-align: center;\"><span style=\"color: #000000;\">\u00a0<span style=\"color: #800000;\"><em><a href=\"http:\/\/ergotherapiemallorca.com\/wp-content\/uploads\/2012\/11\/kinder_und_jugendliche1.jpg\"><img loading=\"lazy\" class=\"alignnone  wp-image-225\" title=\"kinder_und_jugendliche[1]\" src=\"http:\/\/ergotherapiemallorca.com\/wp-content\/uploads\/2012\/11\/kinder_und_jugendliche1.jpg\" alt=\"\" width=\"200\" height=\"150\" \/><\/a><\/em><\/span><\/span><\/h4>\n","protected":false},"excerpt":{"rendered":"<p>La terapia ocupacional\u00a0est\u00e1 dirigida a ni\u00f1os \u2026 con disfunciones de la movilidad, de la percepci\u00f3n y la actitud (como por ejemplo ni\u00f1os con ADHD) o a ni\u00f1os, que padecen retrasos en su desarrollo f\u00edsico y mental lo cual deriva en &hellip; <a href=\"http:\/\/ergotherapiemallorca.com\/es\/terapia-ocupacional-con-ninos\/\">Sigue leyendo <span class=\"meta-nav\">&rarr;<\/span><\/a><\/p>\n","protected":false},"author":2,"featured_media":0,"parent":0,"menu_order":0,"comment_status":"closed","ping_status":"closed","template":"onecolumn-page.php","meta":[],"_links":{"self":[{"href":"http:\/\/ergotherapiemallorca.com\/es\/wp-json\/wp\/v2\/pages\/515"}],"collection":[{"href":"http:\/\/ergotherapiemallorca.com\/es\/wp-json\/wp\/v2\/pages"}],"about":[{"href":"http:\/\/ergotherapiemallorca.com\/es\/wp-json\/wp\/v2\/types\/page"}],"author":[{"embeddable":true,"href":"http:\/\/ergotherapiemallorca.com\/es\/wp-json\/wp\/v2\/users\/2"}],"replies":[{"embeddable":true,"href":"http:\/\/ergotherapiemallorca.com\/es\/wp-json\/wp\/v2\/comments?post=515"}],"version-history":[{"count":0,"href":"http:\/\/ergotherapiemallorca.com\/es\/wp-json\/wp\/v2\/pages\/515\/revisions"}],"wp:attachment":[{"href":"http:\/\/ergotherapiemallorca.com\/es\/wp-json\/wp\/v2\/media?parent=515"}],"curies":[{"name":"wp","href":"https:\/\/api.w.org\/{rel}","templated":true}]}}