{"id":521,"date":"2012-11-13T18:13:00","date_gmt":"2012-11-13T17:13:00","guid":{"rendered":"http:\/\/ergotherapiemallorca.com\/que-significa-adhd\/"},"modified":"2012-11-13T18:13:00","modified_gmt":"2012-11-13T17:13:00","slug":"que-significa-adhd","status":"publish","type":"page","link":"http:\/\/ergotherapiemallorca.com\/es\/que-significa-adhd\/","title":{"rendered":"\u00bfQue significa AD(H)D?"},"content":{"rendered":"<h3><\/h3>\n<p>ADHD (siglas espa\u00f1olas: TDAH) = Trastorno por d\u00e9ficit de atenci\u00f3n con hiperactividad<\/p>\n<p>Es una afecci\u00f3n que produce en los ni\u00f1os dificultades en la concentraci\u00f3n, en el control de los impulsos y la planificaci\u00f3n de sus acciones. De acuerdo con las investigaciones, existe una inhibici\u00f3n central que pone trabas a los ni\u00f1os para autorregularse. La atenci\u00f3n y la elaboraci\u00f3n de la informaci\u00f3n, aunque desarrolladas normalmente, est\u00e1n sujetas a demasiados est\u00edmulos, tanto internos como externos, de modo que es dif\u00edcil para los ni\u00f1os saber cuales de los impulsos son importantes, y cuales no lo son. Exige un gran esfuerzo para los ni\u00f1os el discernir qu\u00e9 est\u00edmulo escoger en cada situaci\u00f3n, mantenerlo en el foco de la atenci\u00f3n y reaccionar adecuadamente a ese est\u00edmulo.<\/p>\n<p>Esta falta de autorregulaci\u00f3n deriva finalmente en una reducci\u00f3n de la captaci\u00f3n, transmisi\u00f3n y elaboraci\u00f3n de la informaci\u00f3n en el cerebro y, con frecuencia, en trabas en el desarrollo, una percepci\u00f3n insuficiente del propio cuerpo, impulsividad, agresi\u00f3n y discapacidades parciales, como consecuencia de una capacidad de concentraci\u00f3n disminuida y de fallos en el aprendizaje.<\/p>\n","protected":false},"excerpt":{"rendered":"<p>ADHD (siglas espa\u00f1olas: TDAH) = Trastorno por d\u00e9ficit de atenci\u00f3n con hiperactividad Es una afecci\u00f3n que produce en los ni\u00f1os dificultades en la concentraci\u00f3n, en el control de los impulsos y la planificaci\u00f3n de sus acciones. De acuerdo con las &hellip; <a href=\"http:\/\/ergotherapiemallorca.com\/es\/que-significa-adhd\/\">Sigue leyendo <span class=\"meta-nav\">&rarr;<\/span><\/a><\/p>\n","protected":false},"author":2,"featured_media":0,"parent":0,"menu_order":0,"comment_status":"closed","ping_status":"closed","template":"onecolumn-page.php","meta":[],"_links":{"self":[{"href":"http:\/\/ergotherapiemallorca.com\/es\/wp-json\/wp\/v2\/pages\/521"}],"collection":[{"href":"http:\/\/ergotherapiemallorca.com\/es\/wp-json\/wp\/v2\/pages"}],"about":[{"href":"http:\/\/ergotherapiemallorca.com\/es\/wp-json\/wp\/v2\/types\/page"}],"author":[{"embeddable":true,"href":"http:\/\/ergotherapiemallorca.com\/es\/wp-json\/wp\/v2\/users\/2"}],"replies":[{"embeddable":true,"href":"http:\/\/ergotherapiemallorca.com\/es\/wp-json\/wp\/v2\/comments?post=521"}],"version-history":[{"count":0,"href":"http:\/\/ergotherapiemallorca.com\/es\/wp-json\/wp\/v2\/pages\/521\/revisions"}],"wp:attachment":[{"href":"http:\/\/ergotherapiemallorca.com\/es\/wp-json\/wp\/v2\/media?parent=521"}],"curies":[{"name":"wp","href":"https:\/\/api.w.org\/{rel}","templated":true}]}}